{"id":37,"date":"2021-06-08T14:32:14","date_gmt":"2021-06-08T14:32:14","guid":{"rendered":"http:\/\/tdi_1_205"},"modified":"2021-06-24T19:41:42","modified_gmt":"2021-06-24T19:41:42","slug":"contact","status":"publish","type":"page","link":"https:\/\/brcnoticias.com.br\/index.php\/contact\/","title":{"rendered":"Contato"},"content":{"rendered":"<div id=\"tdi_1\" class=\"tdc-zone\"><div class=\"tdc_zone tdi_2 \"  >\n<style scoped>\n\/* custom css - generated by TagDiv Composer *\/\n\n\/* custom css - generated by TagDiv Composer *\/\n\/* custom css - generated by TagDiv Composer *\/\n.tdi_2{\r\n                    min-height: 0;\r\n                }\n<\/style><div id=\"tdi_3\" class=\"tdc-row\"><div class=\"vc_row tdi_4  wpb_row td-pb-row\" >\n<style scoped>\n\/* custom css - generated by TagDiv Composer *\/\n\n\/* custom css - generated by TagDiv Composer *\/\n\/* custom css - generated by TagDiv Composer *\/\n.tdi_4,\r\n                .tdi_4 .tdc-columns{\r\n                    min-height: 0;\r\n                }\n\/* inline tdc_css att - generated by TagDiv Composer *\/\n\n.tdi_4{\nborder-color:#e6e6e6 !important;\nborder-style:solid !important;\nborder-width: 1px 0px 0px 0px !important;\n}\n\n.tdi_4 .td_block_wrap{ text-align:left }\n\n<\/style><div class=\"vc_column tdi_6  wpb_column vc_column_container tdc-column td-pb-span8\">\n<style scoped>\n\/* custom css - generated by TagDiv Composer *\/\n\n\/* custom css - generated by TagDiv Composer *\/\n\/* custom css - generated by TagDiv Composer *\/\n.tdi_6{\r\n                    vertical-align: baseline;\r\n                }\n<\/style><div class=\"wpb_wrapper\" ><div class=\"wpb_wrapper wpb_text_column td_block_wrap td_block_wrap vc_column_text tdi_7  tagdiv-type td_block_template_1\"  data-td-block-uid=\"tdi_7\" >\n<style>\n\/* custom css - generated by TagDiv Composer *\/\n\/* custom css - generated by TagDiv Composer *\/\n\n<\/style><div class=\"td-block-title-wrap\"><\/div><div class=\"td-fix-index\"><p>Entre em contato conosco<\/p>\n<ul>\n<li>Divulgue sua marca \/ empresa<\/li>\n<li>Quer ser um colunista do BRC Noticias?<\/li>\n<li>Quer dar uma sugest\u00e3o de pauta?<\/li>\n<\/ul>\n<\/div><\/div><div class=\"vc_row_inner tdi_9  vc_row vc_inner wpb_row td-pb-row\" >\n<style scoped>\n\/* custom css - generated by TagDiv Composer *\/\n\n\/* custom css - generated by TagDiv Composer *\/\n\/* custom css - generated by TagDiv Composer *\/\n.tdi_9{\r\n                    position: relative !important;\r\n                    top: 0;\r\n                    transform: none;\r\n                    -webkit-transform: none;\r\n                }\n<\/style><div class=\"vc_column_inner tdi_11  wpb_column vc_column_container tdc-inner-column td-pb-span6\">\n<style scoped>\n\/* custom css - generated by TagDiv Composer *\/\n\n\/* custom css - generated by TagDiv Composer *\/\n\/* custom css - generated by TagDiv Composer *\/\n.tdi_11{\r\n                    vertical-align: baseline;\r\n                }\n<\/style><div class=\"vc_column-inner\"><div class=\"wpb_wrapper\" ><div class=\"td_block_wrap td_block_text_with_title tdi_12 td-pb-border-top td_block_template_1\"  data-td-block-uid=\"tdi_12\" >\n<style>\n\/* custom css - generated by TagDiv Composer *\/\n\n<\/style>\n<style>\n\/* custom css - generated by TagDiv Composer *\/\n\/* custom css - generated by TagDiv Composer *\/\n\n<\/style><h4 class=\"block-title\"><span class=\"td-pulldown-size\">Fale Conosco<\/span><\/h4><div class=\"td_mod_wrap td-pb-padding-side td-fix-index\"><p><strong>BRC NOT\u00cdCIAS<\/strong><\/p>\n<p>(77) 99125-0905 &#8211; Editor<\/p>\n<p>&nbsp;<\/p>\n<p>Email: <strong><a href=\"mailto:contato@brcnoticias.com.br\" target=\"_blank\" rel=\"noopener\">contato@brcnoticias.com.br<\/a><\/strong><\/p>\n<\/div><\/div><\/div><\/div><\/div><div class=\"vc_column_inner tdi_14  wpb_column vc_column_container tdc-inner-column td-pb-span6\">\n<style scoped>\n\/* custom css - generated by TagDiv Composer *\/\n\n\/* custom css - generated by TagDiv Composer *\/\n\/* custom css - generated by TagDiv Composer *\/\n.tdi_14{\r\n                    vertical-align: baseline;\r\n                }\n<\/style><div class=\"vc_column-inner\"><div class=\"wpb_wrapper\" ><div class=\"td_block_wrap td_block_text_with_title tdi_15 td-pb-border-top td_block_template_1\"  data-td-block-uid=\"tdi_15\" >\n<style>\n\/* custom css - generated by TagDiv Composer *\/\n\n<\/style>\n<style>\n\/* custom css - generated by TagDiv Composer *\/\n\/* custom css - generated by TagDiv Composer *\/\n\n<\/style><h4 class=\"block-title\"><span class=\"td-pulldown-size\">Quem Somos<\/span><\/h4><div class=\"td_mod_wrap td-pb-padding-side td-fix-index\"><p><strong>BRC Not\u00edcias <\/strong>levamos at\u00e9 voc\u00ea as mais importantes novidades de nossa regi\u00e3o, tenha em primeira m\u00e3o as noticias que auxiliam seu dia-a-dia.<\/p>\n<\/div><\/div><\/div><\/div><\/div><\/div><div class=\"vc_row_inner tdi_17  vc_row vc_inner wpb_row td-pb-row\" >\n<style scoped>\n\/* custom css - generated by TagDiv Composer *\/\n\n\/* custom css - generated by TagDiv Composer *\/\n\/* custom css - generated by TagDiv Composer *\/\n.tdi_17{\r\n                    position: relative !important;\r\n                    top: 0;\r\n                    transform: none;\r\n                    -webkit-transform: none;\r\n                }\n<\/style><div class=\"vc_column_inner tdi_19  wpb_column vc_column_container tdc-inner-column td-pb-span12\">\n<style scoped>\n\/* custom css - generated by TagDiv Composer *\/\n\n\/* custom css - generated by TagDiv Composer *\/\n\/* custom css - generated by TagDiv Composer *\/\n.tdi_19{\r\n                    vertical-align: baseline;\r\n                }\n<\/style><div class=\"vc_column-inner\"><div class=\"wpb_wrapper\" ><\/div><\/div><\/div><\/div><\/div><\/div><div class=\"vc_column tdi_21  wpb_column vc_column_container tdc-column td-pb-span4\">\n<style scoped>\n\/* custom css - generated by TagDiv Composer *\/\n\n\/* custom css - generated by TagDiv Composer *\/\n\/* custom css - generated by TagDiv Composer *\/\n.tdi_21{\r\n                    vertical-align: baseline;\r\n                }\n<\/style><div class=\"wpb_wrapper\" ><div class=\"td_block_wrap td_block_2 tdi_22 td_block_template_1\"  data-td-block-uid=\"tdi_22\" >\n<style>\n\/* custom css - generated by TagDiv Composer *\/\n\n<\/style>\n<style>\n\/* custom css - generated by TagDiv Composer *\/\n\/* custom css - generated by TagDiv Composer *\/\n.tdi_22 .td-post-vid-time{\r\n\t\t\t\t\tdisplay: block;\r\n\t\t\t\t}\n<\/style><script>var block_tdi_22 = new tdBlock();\nblock_tdi_22.id = \"tdi_22\";\nblock_tdi_22.atts = '{\"limit\":\"3\",\"custom_title\":\"\\u00d9LTIMAS NOT\\u00cdCIAS\",\"td_filter_default_txt\":\"All\",\"border_top\":\"no_border_top\",\"block_type\":\"td_block_2\",\"separator\":\"\",\"custom_url\":\"\",\"title_tag\":\"\",\"block_template_id\":\"\",\"color_preset\":\"\",\"m4_tl\":\"\",\"m4_title_tag\":\"\",\"m4_el\":\"\",\"m6_tl\":\"\",\"m6_title_tag\":\"\",\"post_ids\":\"\",\"category_id\":\"\",\"category_ids\":\"\",\"tag_slug\":\"\",\"autors_id\":\"\",\"installed_post_types\":\"\",\"sort\":\"\",\"offset\":\"\",\"open_in_new_window\":\"\",\"show_modified_date\":\"\",\"video_popup\":\"\",\"video_rec\":\"\",\"video_rec_title\":\"\",\"show_vid_t\":\"block\",\"el_class\":\"\",\"td_ajax_filter_type\":\"\",\"td_ajax_filter_ids\":\"\",\"td_ajax_preloading\":\"\",\"f_header_font_header\":\"\",\"f_header_font_title\":\"Block header\",\"f_header_font_settings\":\"\",\"f_header_font_family\":\"\",\"f_header_font_size\":\"\",\"f_header_font_line_height\":\"\",\"f_header_font_style\":\"\",\"f_header_font_weight\":\"\",\"f_header_font_transform\":\"\",\"f_header_font_spacing\":\"\",\"f_header_\":\"\",\"f_ajax_font_title\":\"Ajax categories\",\"f_ajax_font_settings\":\"\",\"f_ajax_font_family\":\"\",\"f_ajax_font_size\":\"\",\"f_ajax_font_line_height\":\"\",\"f_ajax_font_style\":\"\",\"f_ajax_font_weight\":\"\",\"f_ajax_font_transform\":\"\",\"f_ajax_font_spacing\":\"\",\"f_ajax_\":\"\",\"f_more_font_title\":\"Load more button\",\"f_more_font_settings\":\"\",\"f_more_font_family\":\"\",\"f_more_font_size\":\"\",\"f_more_font_line_height\":\"\",\"f_more_font_style\":\"\",\"f_more_font_weight\":\"\",\"f_more_font_transform\":\"\",\"f_more_font_spacing\":\"\",\"f_more_\":\"\",\"m4f_title_font_header\":\"\",\"m4f_title_font_title\":\"Article title\",\"m4f_title_font_settings\":\"\",\"m4f_title_font_family\":\"\",\"m4f_title_font_size\":\"\",\"m4f_title_font_line_height\":\"\",\"m4f_title_font_style\":\"\",\"m4f_title_font_weight\":\"\",\"m4f_title_font_transform\":\"\",\"m4f_title_font_spacing\":\"\",\"m4f_title_\":\"\",\"m4f_cat_font_title\":\"Article category tag\",\"m4f_cat_font_settings\":\"\",\"m4f_cat_font_family\":\"\",\"m4f_cat_font_size\":\"\",\"m4f_cat_font_line_height\":\"\",\"m4f_cat_font_style\":\"\",\"m4f_cat_font_weight\":\"\",\"m4f_cat_font_transform\":\"\",\"m4f_cat_font_spacing\":\"\",\"m4f_cat_\":\"\",\"m4f_meta_font_title\":\"Article meta info\",\"m4f_meta_font_settings\":\"\",\"m4f_meta_font_family\":\"\",\"m4f_meta_font_size\":\"\",\"m4f_meta_font_line_height\":\"\",\"m4f_meta_font_style\":\"\",\"m4f_meta_font_weight\":\"\",\"m4f_meta_font_transform\":\"\",\"m4f_meta_font_spacing\":\"\",\"m4f_meta_\":\"\",\"m4f_ex_font_title\":\"Article excerpt\",\"m4f_ex_font_settings\":\"\",\"m4f_ex_font_family\":\"\",\"m4f_ex_font_size\":\"\",\"m4f_ex_font_line_height\":\"\",\"m4f_ex_font_style\":\"\",\"m4f_ex_font_weight\":\"\",\"m4f_ex_font_transform\":\"\",\"m4f_ex_font_spacing\":\"\",\"m4f_ex_\":\"\",\"m6f_title_font_header\":\"\",\"m6f_title_font_title\":\"Article title\",\"m6f_title_font_settings\":\"\",\"m6f_title_font_family\":\"\",\"m6f_title_font_size\":\"\",\"m6f_title_font_line_height\":\"\",\"m6f_title_font_style\":\"\",\"m6f_title_font_weight\":\"\",\"m6f_title_font_transform\":\"\",\"m6f_title_font_spacing\":\"\",\"m6f_title_\":\"\",\"m6f_cat_font_title\":\"Article category tag\",\"m6f_cat_font_settings\":\"\",\"m6f_cat_font_family\":\"\",\"m6f_cat_font_size\":\"\",\"m6f_cat_font_line_height\":\"\",\"m6f_cat_font_style\":\"\",\"m6f_cat_font_weight\":\"\",\"m6f_cat_font_transform\":\"\",\"m6f_cat_font_spacing\":\"\",\"m6f_cat_\":\"\",\"m6f_meta_font_title\":\"Article meta info\",\"m6f_meta_font_settings\":\"\",\"m6f_meta_font_family\":\"\",\"m6f_meta_font_size\":\"\",\"m6f_meta_font_line_height\":\"\",\"m6f_meta_font_style\":\"\",\"m6f_meta_font_weight\":\"\",\"m6f_meta_font_transform\":\"\",\"m6f_meta_font_spacing\":\"\",\"m6f_meta_\":\"\",\"ajax_pagination\":\"\",\"ajax_pagination_infinite_stop\":\"\",\"css\":\"\",\"tdc_css\":\"\",\"td_column_number\":1,\"header_color\":\"\",\"ajax_pagination_next_prev_swipe\":\"\",\"class\":\"tdi_22\",\"tdc_css_class\":\"tdi_22\",\"tdc_css_class_style\":\"tdi_22_rand_style\"}';\nblock_tdi_22.td_column_number = \"1\";\nblock_tdi_22.block_type = \"td_block_2\";\nblock_tdi_22.post_count = \"3\";\nblock_tdi_22.found_posts = \"849\";\nblock_tdi_22.header_color = \"\";\nblock_tdi_22.ajax_pagination_infinite_stop = \"\";\nblock_tdi_22.max_num_pages = \"283\";\ntdBlocksArray.push(block_tdi_22);\n<\/script><h4 class=\"block-title\"><span class=\"td-pulldown-size\">\u00d9LTIMAS NOT\u00cdCIAS<\/span><\/h4><div id=tdi_22 class=\"td_block_inner\">\n\n\t<div class=\"td-block-span12\">\n\r\n        <div class=\"td_module_4 td_module_wrap td-animation-stack td-cpt-post\">\r\n            <div class=\"td-module-image\">\r\n                <div class=\"td-module-thumb\"><a href=\"https:\/\/brcnoticias.com.br\/index.php\/2026\/05\/07\/2873\/\"  rel=\"bookmark\" class=\"td-image-wrap \" title=\"Em Cocos e em outros munic\u00edpios o Governo da Bahia pavimentar\u00e1 mais de 70 km de rodovias\" ><img loading=\"lazy\" decoding=\"async\" class=\"entry-thumb\" src=\"\" alt=\"\" title=\"Em Cocos e em outros munic\u00edpios o Governo da Bahia pavimentar\u00e1 mais de 70 km de rodovias\" data-type=\"image_tag\" data-img-url=\"https:\/\/brcnoticias.com.br\/wp-content\/uploads\/2022\/02\/br-030-300x194.jpg\"  width=\"300\" height=\"194\" \/><\/a><\/div>                                <a href=\"https:\/\/brcnoticias.com.br\/index.php\/category\/politica\/\" class=\"td-post-category\">Pol\u00edtica<\/a>            <\/div>\r\n\r\n            <h3 class=\"entry-title td-module-title\"><a href=\"https:\/\/brcnoticias.com.br\/index.php\/2026\/05\/07\/2873\/\"  rel=\"bookmark\" title=\"Em Cocos e em outros munic\u00edpios o Governo da Bahia pavimentar\u00e1 mais de 70 km de rodovias\">Em Cocos e em outros munic\u00edpios o Governo da Bahia pavimentar\u00e1...<\/a><\/h3>\r\n            <div class=\"meta-info\">\r\n                                <span class=\"td-post-author-name\"><a href=\"https:\/\/brcnoticias.com.br\/index.php\/author\/brcnoticias\/\">BRC<\/a> <span>-<\/span> <\/span>                <span class=\"td-post-date\"><time class=\"entry-date updated td-module-date\" datetime=\"2026-05-07T20:39:56-03:00\" >07\/05\/2026<\/time><\/span>                <span class=\"td-module-comments\"><a href=\"https:\/\/brcnoticias.com.br\/index.php\/2026\/05\/07\/2873\/#respond\">0<\/a><\/span>            <\/div>\r\n\r\n            <div class=\"td-excerpt\">\r\n                \n\n\n\n\nMais de 70 quil\u00f4metros de rodovias em quatro munic\u00edpios baianos, que s\u00e3o Pil\u00e3o Arcado, Cocos, Ponto Novo e Itanh\u00e9m, ser\u00e3o pavimentadas, em breve, pelo...            <\/div>\r\n\r\n            \r\n        <\/div>\r\n\r\n        \n\t<\/div> <!-- .\/td-block-span12 -->\n\n\t<div class=\"td-block-span12\">\n\r\n        <div class=\"td_module_6 td_module_wrap td-animation-stack td-cpt-post\">\r\n            \r\n            <div class=\"td-module-thumb\"><a href=\"https:\/\/brcnoticias.com.br\/index.php\/2026\/05\/07\/agora-tem-especialistas-ministerio-da-saude-lanca-em-paulo-afonso-jacobina-e-santa-maria-da-vitoria-carretas-de-saude-da-mulher-e-de-oftalmologia\/\"  rel=\"bookmark\" class=\"td-image-wrap \" title=\"Agora Tem Especialistas: Minist\u00e9rio da Sa\u00fade lan\u00e7a em\u202fPaulo Afonso, Jacobina e Santa Maria da Vit\u00f3ria carretas de sa\u00fade da mulher e de oftalmologia\" ><img loading=\"lazy\" decoding=\"async\" class=\"entry-thumb\" src=\"\" alt=\"\" title=\"Agora Tem Especialistas: Minist\u00e9rio da Sa\u00fade lan\u00e7a em\u202fPaulo Afonso, Jacobina e Santa Maria da Vit\u00f3ria carretas de sa\u00fade da mulher e de oftalmologia\" data-type=\"image_tag\" data-img-url=\"https:\/\/brcnoticias.com.br\/wp-content\/uploads\/2022\/01\/Sesab-100x75.jpg\"  width=\"100\" height=\"75\" \/><\/a><\/div>\r\n        <div class=\"item-details\">\r\n\r\n            <h3 class=\"entry-title td-module-title\"><a href=\"https:\/\/brcnoticias.com.br\/index.php\/2026\/05\/07\/agora-tem-especialistas-ministerio-da-saude-lanca-em-paulo-afonso-jacobina-e-santa-maria-da-vitoria-carretas-de-saude-da-mulher-e-de-oftalmologia\/\"  rel=\"bookmark\" title=\"Agora Tem Especialistas: Minist\u00e9rio da Sa\u00fade lan\u00e7a em\u202fPaulo Afonso, Jacobina e Santa Maria da Vit\u00f3ria carretas de sa\u00fade da mulher e de oftalmologia\">Agora Tem Especialistas: Minist\u00e9rio da Sa\u00fade lan\u00e7a em\u202fPaulo Afonso, Jacobina e...<\/a><\/h3>            <div class=\"meta-info\">\r\n                                                                <span class=\"td-post-date\"><time class=\"entry-date updated td-module-date\" datetime=\"2026-05-07T20:37:57-03:00\" >07\/05\/2026<\/time><\/span>                            <\/div>\r\n        <\/div>\r\n\r\n        <\/div>\r\n\r\n        \n\t<\/div> <!-- .\/td-block-span12 -->\n\n\t<div class=\"td-block-span12\">\n\r\n        <div class=\"td_module_6 td_module_wrap td-animation-stack td-cpt-post\">\r\n            \r\n            <div class=\"td-module-thumb\"><a href=\"https:\/\/brcnoticias.com.br\/index.php\/2026\/05\/06\/governo-propoe-salario-minimo-de-r-1-717-em-2027\/\"  rel=\"bookmark\" class=\"td-image-wrap \" title=\"Governo prop\u00f5e sal\u00e1rio m\u00ednimo de R$ 1.717 em 2027\" ><img loading=\"lazy\" decoding=\"async\" class=\"entry-thumb\" src=\"\" alt=\"\" title=\"Governo prop\u00f5e sal\u00e1rio m\u00ednimo de R$ 1.717 em 2027\" data-type=\"image_tag\" data-img-url=\"https:\/\/brcnoticias.com.br\/wp-content\/uploads\/2021\/12\/salario-minimo-100x75.jpg\"  width=\"100\" height=\"75\" \/><\/a><\/div>\r\n        <div class=\"item-details\">\r\n\r\n            <h3 class=\"entry-title td-module-title\"><a href=\"https:\/\/brcnoticias.com.br\/index.php\/2026\/05\/06\/governo-propoe-salario-minimo-de-r-1-717-em-2027\/\"  rel=\"bookmark\" title=\"Governo prop\u00f5e sal\u00e1rio m\u00ednimo de R$ 1.717 em 2027\">Governo prop\u00f5e sal\u00e1rio m\u00ednimo de R$ 1.717 em 2027<\/a><\/h3>            <div class=\"meta-info\">\r\n                                                                <span class=\"td-post-date\"><time class=\"entry-date updated td-module-date\" datetime=\"2026-05-06T20:22:50-03:00\" >06\/05\/2026<\/time><\/span>                            <\/div>\r\n        <\/div>\r\n\r\n        <\/div>\r\n\r\n        \n\t<\/div> <!-- .\/td-block-span12 --><\/div><\/div> <!-- .\/block --><\/div><\/div><\/div><\/div><\/div><\/div>","protected":false},"excerpt":{"rendered":"","protected":false},"author":1,"featured_media":0,"parent":0,"menu_order":3,"comment_status":"open","ping_status":"closed","template":"page-pagebuilder-title.php","meta":{"_joinchat":[],"footnotes":""},"class_list":["post-37","page","type-page","status-publish","hentry"],"_links":{"self":[{"href":"https:\/\/brcnoticias.com.br\/index.php\/wp-json\/wp\/v2\/pages\/37","targetHints":{"allow":["GET"]}}],"collection":[{"href":"https:\/\/brcnoticias.com.br\/index.php\/wp-json\/wp\/v2\/pages"}],"about":[{"href":"https:\/\/brcnoticias.com.br\/index.php\/wp-json\/wp\/v2\/types\/page"}],"author":[{"embeddable":true,"href":"https:\/\/brcnoticias.com.br\/index.php\/wp-json\/wp\/v2\/users\/1"}],"replies":[{"embeddable":true,"href":"https:\/\/brcnoticias.com.br\/index.php\/wp-json\/wp\/v2\/comments?post=37"}],"version-history":[{"count":0,"href":"https:\/\/brcnoticias.com.br\/index.php\/wp-json\/wp\/v2\/pages\/37\/revisions"}],"wp:attachment":[{"href":"https:\/\/brcnoticias.com.br\/index.php\/wp-json\/wp\/v2\/media?parent=37"}],"curies":[{"name":"wp","href":"https:\/\/api.w.org\/{rel}","templated":true}]}}